{"id":1863,"date":"2023-02-26T00:36:42","date_gmt":"2023-02-26T00:36:42","guid":{"rendered":"https:\/\/www.maisonhermes.gr\/?page_id=1863"},"modified":"2023-06-19T21:13:58","modified_gmt":"2023-06-19T18:13:58","slug":"property-management","status":"publish","type":"page","link":"https:\/\/www.maisonhermes.gr\/en\/property-management\/","title":{"rendered":"Property Management"},"content":{"rendered":"\t\t<div data-elementor-type=\"wp-page\" data-elementor-id=\"1863\" class=\"elementor elementor-1863\">\n\t\t\t\t\t\t\t\t\t<section class=\"elementor-section elementor-top-section elementor-element elementor-element-fbfb3e6 elementor-section-full_width elementor-section-height-default elementor-section-height-default\" data-id=\"fbfb3e6\" data-element_type=\"section\" data-settings=\"{&quot;background_background&quot;:&quot;classic&quot;}\">\n\t\t\t\t\t\t\t<div class=\"elementor-background-overlay\"><\/div>\n\t\t\t\t\t\t\t<div class=\"elementor-container elementor-column-gap-no\">\n\t\t\t\t\t<div class=\"elementor-column elementor-col-100 elementor-top-column elementor-element elementor-element-f0eb17a\" data-id=\"f0eb17a\" data-element_type=\"column\">\n\t\t\t<div class=\"elementor-widget-wrap elementor-element-populated\">\n\t\t\t\t\t\t\t\t<div class=\"elementor-element elementor-element-93b1a33 elementor-align-left elementor-widget elementor-widget-bdevs-banner\" data-id=\"93b1a33\" data-element_type=\"widget\" data-widget_type=\"bdevs-banner.default\">\n\t\t\t\t<div class=\"elementor-widget-container\">\n\t\t\t\t\t\t<div class=\"banner-header section-padding valign bg-img bg-fixed\" data-overlay-dark=\"4\" data-background=\"https:\/\/www.maisonhermes.gr\/wp-content\/uploads\/2023\/02\/property-management.jpg\">\n\t        <div class=\"container\">\n\t            <div class=\"row\">\n\t                <div class=\"col-md-12 text-center caption mt-90\">\n\t                    <h1>Property Management<\/h1>\n\t                <\/div>\n\t            <\/div>\n\t        <\/div>\n\t    <\/div>\n\t    <!-- hr -->\n\t    <hr class=\"line-vr-section\">\n\t\t\t<\/div>\n\t\t\t\t<\/div>\n\t\t\t\t\t<\/div>\n\t\t<\/div>\n\t\t\t\t\t\t\t<\/div>\n\t\t<\/section>\n\t\t<div class=\"elementor-element elementor-element-056652e e-con-boxed e-con\" data-id=\"056652e\" data-element_type=\"container\" data-settings=\"{&quot;content_width&quot;:&quot;boxed&quot;}\">\n\t\t\t\t\t<div class=\"e-con-inner\">\n\t\t<div class=\"elementor-element elementor-element-c446f72 e-con-full e-con\" data-id=\"c446f72\" data-element_type=\"container\" data-settings=\"{&quot;content_width&quot;:&quot;full&quot;}\">\n\t\t\t\t<div class=\"elementor-element elementor-element-b4b172b elementor-widget elementor-widget-text-editor\" data-id=\"b4b172b\" data-element_type=\"widget\" data-widget_type=\"text-editor.default\">\n\t\t\t\t<div class=\"elementor-widget-container\">\n\t\t\t<style>\/*! elementor - v3.10.0 - 09-01-2023 *\/\n.elementor-widget-text-editor.elementor-drop-cap-view-stacked .elementor-drop-cap{background-color:#818a91;color:#fff}.elementor-widget-text-editor.elementor-drop-cap-view-framed .elementor-drop-cap{color:#818a91;border:3px solid;background-color:transparent}.elementor-widget-text-editor:not(.elementor-drop-cap-view-default) .elementor-drop-cap{margin-top:8px}.elementor-widget-text-editor:not(.elementor-drop-cap-view-default) .elementor-drop-cap-letter{width:1em;height:1em}.elementor-widget-text-editor .elementor-drop-cap{float:left;text-align:center;line-height:1;font-size:50px}.elementor-widget-text-editor .elementor-drop-cap-letter{display:inline-block}<\/style>\t\t\t\t<div class=\"translation-block\">\n\n<p>At Mais\u00f4n Herm\u00eas we are not just doing real estate business. We give a new dimension to the real estate market through their acquisition, their overall improvement in terms of their infrastructure utilizing state-of-the-art materials, to higher standards, we assure every property comes along with its certifications. And we upgrade the property\u2019s architecture. We see your new investment in one of our properties as of the foremost importance. Your expectation to position your new property high on the market is our aim too. We walk this mile together.<\/p>\n\n<p>We aim to maximize the value of every property you buy from Mais\u00f4n Herm\u00eas by aligning its specific position on the market meeting your own expectations buyers whether this is a business type of investment or your dream residence for you and your beloves ones.<\/p>\n\n<p>Mais\u00f4n Herm\u00eas offers all the material certifications and for the property as a whole as far as the property\u2019s performance is concerned and we offer a multi-year Warranty for all our properties, without additional costs to buyers, without limitation or restrictions whatsoever.<\/p>\n\n<p>Our approach in the aftersales services has an holistic orientation and character for our customers.<\/p>\n\n<p>We are here to give a new dimension in the implementation of value-added services to those who trusted Mais\u00f4n Herm\u00eas. In practical terms, it is important for us to provide you with an integrated counseling towards finding a tenant for your new property or for you to find profitable investment units of which our company has previously evaluated, upgraded, and made available to you ready to occupy. We are aiming to provide you with reliable management solutions and services of your new property.<\/p>\n\n<p>Mais\u00f4n Herm\u00eas does not undertake the management of any other property other than the properties which previously owned by Mais\u00f4n Herm\u00eas until the time they were sold to our customers.<\/p>\n\n<\/div>\t\t\t\t\t\t<\/div>\n\t\t\t\t<\/div>\n\t\t\t\t<\/div>\n\t\t<div class=\"elementor-element elementor-element-e6343a4 e-con-full e-con\" data-id=\"e6343a4\" data-element_type=\"container\" data-settings=\"{&quot;content_width&quot;:&quot;full&quot;}\">\n\t\t\t\t<div class=\"elementor-element elementor-element-25a2a15 elementor-widget elementor-widget-text-editor\" data-id=\"25a2a15\" data-element_type=\"widget\" data-widget_type=\"text-editor.default\">\n\t\t\t\t<div class=\"elementor-widget-container\">\n\t\t\t\t\t\t\t<div class=\"translation-block\">\n\n<p>We are able to anticipate your needs and address all the matters long before any problems arise.<\/p>\n\n<p>We will manage your new investment on your behalf, regardless of whether you spend most of the year in Greece or anywhere abroad. We handle the following matters for our customers:<\/p>\n<p><ul>\n \t<li>Property regular lease<\/li>\n \t<li>Evaluation of tenants<\/li>\n \t<li>Tenancy agreements through the network of collaborating Legal Advisers<\/li>\n \t<li>Collection of rentals and transfer to your account in Greece or abroad<\/li>\n \t<li>Renewal of tenancy agreement and any other legal issues that may arise<\/li>\n \t<li>Scheduled coordination for regular cleaning, repairs and painting of your property before a new tenant moves in<\/li>\n \t<li>Inspection of the property before and after each new tenancy agreement comes in force<\/li>\n \t<li>Advertising your property to media of your choice<\/li>\n \t<li>Real time communication between the owners and the tenants through user friendly mobile application<\/li>\n \t<li>Accounting Services<\/li>\n \t<li>Activities being carried out to owner\u2019s property without your previous formal consent<\/li>\n \t<li>Monthly financial analysis, annual income statements and financial analysis for your property aiming to optimize your profits and make your life easier during the regular tax period<\/li>\n \t<li>Annual evaluation of the market associated with your investment and its position to the market<\/li>\n \t<li>Management of the Legal notices<\/li>\n \t<li>Maintenance<\/li>\n \t<li>24-hour emergency service<\/li>\n \t<li>Cleaning services<\/li>\n \t<li>\u200b\u200bRepairs of individual units<\/li>\n<\/ul><\/p>\n<\/div>\t\t\t\t\t\t<\/div>\n\t\t\t\t<\/div>\n\t\t\t\t<\/div>\n\t\t\t\t\t<\/div>\n\t\t\t\t<\/div>\n\t\t\t\t<section class=\"elementor-section elementor-top-section elementor-element elementor-element-44a432ff elementor-section-full_width elementor-section-height-default elementor-section-height-default\" data-id=\"44a432ff\" data-element_type=\"section\">\n\t\t\t\t\t\t<div class=\"elementor-container elementor-column-gap-no\">\n\t\t\t\t\t<div class=\"elementor-column elementor-col-100 elementor-top-column elementor-element elementor-element-6fffb11d\" data-id=\"6fffb11d\" data-element_type=\"column\">\n\t\t\t<div class=\"elementor-widget-wrap elementor-element-populated\">\n\t\t\t\t\t\t\t\t<div class=\"elementor-element elementor-element-4d7b7e97 elementor-align-left elementor-widget elementor-widget-bdevs-contact\" data-id=\"4d7b7e97\" data-element_type=\"widget\" data-widget_type=\"bdevs-contact.default\">\n\t\t\t\t<div class=\"elementor-widget-container\">\n\t\t\t\t\t<hr class=\"line-vr-section\">\r\n\t    <!-- Top Footer Banner -->\r\n\t    <div class=\"topbanner-footer\" id=\"contact\">\r\n\t        <div class=\"section-padding banner-img valign bg-img bg-fixed\" data-overlay-light=\"4\" data-background=\"https:\/\/www.maisonhermes.gr\/wp-content\/uploads\/2023\/02\/property-management-b.jpg\">\r\n\t            <div class=\"container\">\r\n\t            \t\t                <div class=\"row\">\r\n\t                    <div class=\"col-md-12 mb-30 text-left caption\">\r\n\t                        <div class=\"section-title\">CONTACT US<\/div>\r\n\t                    <\/div>\r\n\t                <\/div>\r\n\t            \t\t                <div class=\"row\">\r\n\t                \t\t                    <div class=\"col-md-4\">\r\n\t                        <h6>Phone<\/h6>\r\n\t                        <h5 class=\"mb-30\"><a href=\"tel:+302169008912\">+30 21 69008912<\/a><br \/><a href=\"tel:+306973046915\">+30 697 304 6915<\/a><\/h5><p class=\"mb-30\">Monday - Friday: 9am - 6pm<br \/>Saturday - Sunday: CLOSED<\/p>\t                    <\/div>\r\n\t                    \t                    <div class=\"col-md-4\">\r\n\t                        <h6>Email<\/h6>\r\n\t                        <h5 class=\"mb-30\"><a href=\"mailto:info@maisonhermes.gr\">info@maisonhermes.gr<\/a><\/h5>\n<p class=\"mb-30\">250 Dim.Gounari St, Glifada,\u00a016674 <br \/>Athens, Greece<\/p>\t                    <\/div>\r\n\t                    \t                    <div class=\"col-md-3 offset-md-1\">\r\n\t                        <div class=\"vid-area\">\r\n\t                            <a class=\"play-button gallery-masonry-item-img-link d-block\" data-type=\"iframe\" data-fancybox=\"iframe\" href=\"https:\/\/www.google.com\/maps\/embed?pb=!1m18!1m12!1m3!1d3149.951656088118!2d23.76709051560339!3d37.8614215797438!2m3!1f0!2f0!3f0!3m2!1i1024!2i768!4f13.1!3m3!1m2!1s0x14a19579333058f1%3A0x43a5f29b541a67f3!2sDim.%20Gounari%20250%2C%20Glifada%20166%2074!5e0!3m2!1sen!2sgr!4v1677252218275!5m2!1sen!2sen\"&gt;\">\r\n\t                                <svg class=\"circle-fill\">\r\n\t                                    <circle cx=\"43\" cy=\"43\" r=\"39\" stroke=\"#272727\" stroke-width=\"1\"><\/circle>\r\n\t                                <\/svg>\r\n\t                                <svg class=\"circle-track\">\r\n\t                                    <circle cx=\"43\" cy=\"43\" r=\"39\" stroke=\"none\" stroke-width=\"1\" fill=\"none\"><\/circle>\r\n\t                                <\/svg> <span class=\"polygon\"><i class=\"ti-location-pin\"><\/i><\/span> <\/a>\r\n\t                            <div class=\"cont mt-20 mb-30\">\r\n\t                                <h5>Our Location<\/h5>\r\n\t                            <\/div>\r\n\t                        <\/div>\r\n\t                    <\/div>\r\n\t                    \r\n\t                <\/div>\r\n\t            <\/div>\r\n\t        <\/div>\r\n\t    <\/div>\r\n\t\t\t<\/div>\n\t\t\t\t<\/div>\n\t\t\t\t\t<\/div>\n\t\t<\/div>\n\t\t\t\t\t\t\t<\/div>\n\t\t<\/section>\n\t\t\t\t\t\t\t<\/div>\n\t\t","protected":false},"excerpt":{"rendered":"<p>Property Management At Mais\u00f4n Herm\u00eas we are not just doing real estate business. We give a new dimension to the real estate market through their acquisition, their overall improvement in terms of their infrastructure utilizing state-of-the-art materials, to higher standards, we assure every property comes along with its certifications. And we upgrade the property\u2019s architecture. [&hellip;]<\/p>\n","protected":false},"author":1,"featured_media":0,"parent":0,"menu_order":0,"comment_status":"closed","ping_status":"closed","template":"page-templates\/multi-dark.php","meta":{"_mi_skip_tracking":false,"_monsterinsights_sitenote_active":false,"_monsterinsights_sitenote_note":"","_monsterinsights_sitenote_category":0},"yoast_head":"<!-- This site is optimized with the Yoast SEO plugin v21.5 - https:\/\/yoast.com\/wordpress\/plugins\/seo\/ -->\n<title>New dimension of property management services | MAISON HERMES<\/title>\n<meta name=\"description\" content=\"We provide reliable and comprehensive supporting services with integrated counseling for your new property from the moment it turns to your possession.\" \/>\n<meta name=\"robots\" content=\"index, follow, max-snippet:-1, max-image-preview:large, max-video-preview:-1\" \/>\n<link rel=\"canonical\" href=\"https:\/\/www.maisonhermes.gr\/en\/diaxeirisi-akinitou\/\" \/>\n<meta property=\"og:locale\" content=\"en_US\" \/>\n<meta property=\"og:type\" content=\"article\" \/>\n<meta property=\"og:title\" content=\"New dimension of property management services | MAISON HERMES\" \/>\n<meta property=\"og:description\" content=\"We provide reliable and comprehensive supporting services with integrated counseling for your new property from the moment it turns to your possession.\" \/>\n<meta property=\"og:url\" content=\"https:\/\/www.maisonhermes.gr\/en\/diaxeirisi-akinitou\/\" \/>\n<meta property=\"og:site_name\" content=\"MAISON HERMES\" \/>\n<meta property=\"article:modified_time\" content=\"2023-06-19T18:13:58+00:00\" \/>\n<meta name=\"twitter:card\" content=\"summary_large_image\" \/>\n<meta name=\"twitter:label1\" content=\"Est. reading time\" \/>\n\t<meta name=\"twitter:data1\" content=\"3 minutes\" \/>\n<script type=\"application\/ld+json\" class=\"yoast-schema-graph\">{\"@context\":\"https:\/\/schema.org\",\"@graph\":[{\"@type\":\"WebPage\",\"@id\":\"https:\/\/www.maisonhermes.gr\/diaxeirisi-akinitou\/\",\"url\":\"https:\/\/www.maisonhermes.gr\/diaxeirisi-akinitou\/\",\"name\":\"New dimension of property management services | MAISON HERMES\",\"isPartOf\":{\"@id\":\"https:\/\/www.maisonhermes.gr\/#website\"},\"datePublished\":\"2023-02-26T00:36:42+00:00\",\"dateModified\":\"2023-06-19T18:13:58+00:00\",\"description\":\"We provide reliable and comprehensive supporting services with integrated counseling for your new property from the moment it turns to your possession.\",\"breadcrumb\":{\"@id\":\"https:\/\/www.maisonhermes.gr\/diaxeirisi-akinitou\/#breadcrumb\"},\"inLanguage\":\"en-US\",\"potentialAction\":[{\"@type\":\"ReadAction\",\"target\":[\"https:\/\/www.maisonhermes.gr\/diaxeirisi-akinitou\/\"]}]},{\"@type\":\"BreadcrumbList\",\"@id\":\"https:\/\/www.maisonhermes.gr\/diaxeirisi-akinitou\/#breadcrumb\",\"itemListElement\":[{\"@type\":\"ListItem\",\"position\":1,\"name\":\"Home\",\"item\":\"https:\/\/www.maisonhermes.gr\/\"},{\"@type\":\"ListItem\",\"position\":2,\"name\":\"Property Management\"}]},{\"@type\":\"WebSite\",\"@id\":\"https:\/\/www.maisonhermes.gr\/#website\",\"url\":\"https:\/\/www.maisonhermes.gr\/\",\"name\":\"MAISON HERMES\",\"description\":\"Real Estate | Construction | Architecture\",\"publisher\":{\"@id\":\"https:\/\/www.maisonhermes.gr\/#organization\"},\"potentialAction\":[{\"@type\":\"SearchAction\",\"target\":{\"@type\":\"EntryPoint\",\"urlTemplate\":\"https:\/\/www.maisonhermes.gr\/?s={search_term_string}\"},\"query-input\":\"required name=search_term_string\"}],\"inLanguage\":\"en-US\"},{\"@type\":\"Organization\",\"@id\":\"https:\/\/www.maisonhermes.gr\/#organization\",\"name\":\"Maison Hermes\",\"url\":\"https:\/\/www.maisonhermes.gr\/\",\"logo\":{\"@type\":\"ImageObject\",\"inLanguage\":\"en-US\",\"@id\":\"https:\/\/www.maisonhermes.gr\/#\/schema\/logo\/image\/\",\"url\":\"https:\/\/www.maisonhermes.gr\/wp-content\/uploads\/2023\/03\/logo-ms.png\",\"contentUrl\":\"https:\/\/www.maisonhermes.gr\/wp-content\/uploads\/2023\/03\/logo-ms.png\",\"width\":300,\"height\":90,\"caption\":\"Maison Hermes\"},\"image\":{\"@id\":\"https:\/\/www.maisonhermes.gr\/#\/schema\/logo\/image\/\"}}]}<\/script>\n<!-- \/ Yoast SEO plugin. -->","yoast_head_json":{"title":"New dimension of property management services | MAISON HERMES","description":"We provide reliable and comprehensive supporting services with integrated counseling for your new property from the moment it turns to your possession.","robots":{"index":"index","follow":"follow","max-snippet":"max-snippet:-1","max-image-preview":"max-image-preview:large","max-video-preview":"max-video-preview:-1"},"canonical":"https:\/\/www.maisonhermes.gr\/en\/diaxeirisi-akinitou\/","og_locale":"en_US","og_type":"article","og_title":"New dimension of property management services | MAISON HERMES","og_description":"We provide reliable and comprehensive supporting services with integrated counseling for your new property from the moment it turns to your possession.","og_url":"https:\/\/www.maisonhermes.gr\/en\/diaxeirisi-akinitou\/","og_site_name":"MAISON HERMES","article_modified_time":"2023-06-19T18:13:58+00:00","twitter_card":"summary_large_image","twitter_misc":{"Est. reading time":"3 minutes"},"schema":{"@context":"https:\/\/schema.org","@graph":[{"@type":"WebPage","@id":"https:\/\/www.maisonhermes.gr\/diaxeirisi-akinitou\/","url":"https:\/\/www.maisonhermes.gr\/diaxeirisi-akinitou\/","name":"New dimension of property management services | MAISON HERMES","isPartOf":{"@id":"https:\/\/www.maisonhermes.gr\/#website"},"datePublished":"2023-02-26T00:36:42+00:00","dateModified":"2023-06-19T18:13:58+00:00","description":"We provide reliable and comprehensive supporting services with integrated counseling for your new property from the moment it turns to your possession.","breadcrumb":{"@id":"https:\/\/www.maisonhermes.gr\/diaxeirisi-akinitou\/#breadcrumb"},"inLanguage":"en-US","potentialAction":[{"@type":"ReadAction","target":["https:\/\/www.maisonhermes.gr\/diaxeirisi-akinitou\/"]}]},{"@type":"BreadcrumbList","@id":"https:\/\/www.maisonhermes.gr\/diaxeirisi-akinitou\/#breadcrumb","itemListElement":[{"@type":"ListItem","position":1,"name":"Home","item":"https:\/\/www.maisonhermes.gr\/"},{"@type":"ListItem","position":2,"name":"Property Management"}]},{"@type":"WebSite","@id":"https:\/\/www.maisonhermes.gr\/#website","url":"https:\/\/www.maisonhermes.gr\/","name":"MAISON HERMES","description":"Real Estate | Construction | Architecture","publisher":{"@id":"https:\/\/www.maisonhermes.gr\/#organization"},"potentialAction":[{"@type":"SearchAction","target":{"@type":"EntryPoint","urlTemplate":"https:\/\/www.maisonhermes.gr\/?s={search_term_string}"},"query-input":"required name=search_term_string"}],"inLanguage":"en-US"},{"@type":"Organization","@id":"https:\/\/www.maisonhermes.gr\/#organization","name":"Maison Hermes","url":"https:\/\/www.maisonhermes.gr\/","logo":{"@type":"ImageObject","inLanguage":"en-US","@id":"https:\/\/www.maisonhermes.gr\/#\/schema\/logo\/image\/","url":"https:\/\/www.maisonhermes.gr\/wp-content\/uploads\/2023\/03\/logo-ms.png","contentUrl":"https:\/\/www.maisonhermes.gr\/wp-content\/uploads\/2023\/03\/logo-ms.png","width":300,"height":90,"caption":"Maison Hermes"},"image":{"@id":"https:\/\/www.maisonhermes.gr\/#\/schema\/logo\/image\/"}}]}},"_links":{"self":[{"href":"https:\/\/www.maisonhermes.gr\/en\/wp-json\/wp\/v2\/pages\/1863"}],"collection":[{"href":"https:\/\/www.maisonhermes.gr\/en\/wp-json\/wp\/v2\/pages"}],"about":[{"href":"https:\/\/www.maisonhermes.gr\/en\/wp-json\/wp\/v2\/types\/page"}],"author":[{"embeddable":true,"href":"https:\/\/www.maisonhermes.gr\/en\/wp-json\/wp\/v2\/users\/1"}],"replies":[{"embeddable":true,"href":"https:\/\/www.maisonhermes.gr\/en\/wp-json\/wp\/v2\/comments?post=1863"}],"version-history":[{"count":84,"href":"https:\/\/www.maisonhermes.gr\/en\/wp-json\/wp\/v2\/pages\/1863\/revisions"}],"predecessor-version":[{"id":4128,"href":"https:\/\/www.maisonhermes.gr\/en\/wp-json\/wp\/v2\/pages\/1863\/revisions\/4128"}],"wp:attachment":[{"href":"https:\/\/www.maisonhermes.gr\/en\/wp-json\/wp\/v2\/media?parent=1863"}],"curies":[{"name":"wp","href":"https:\/\/api.w.org\/{rel}","templated":true}]}}